{"id":252,"date":"2015-07-07T11:20:58","date_gmt":"2015-07-07T11:20:58","guid":{"rendered":"http:\/\/frescota.com\/clientes\/harmonia\/?page_id=252"},"modified":"2020-10-14T07:01:25","modified_gmt":"2020-10-14T07:01:25","slug":"contacte","status":"publish","type":"page","link":"https:\/\/harmoniaenergy.com\/ca\/contacte\/","title":{"rendered":"Contacte"},"content":{"rendered":"<div id=\"new-contact-form\">\n<div class=\"wpcf7 no-js\" id=\"wpcf7-f751-o1\" lang=\"es-ES\" dir=\"ltr\" data-wpcf7-id=\"751\">\n<div class=\"screen-reader-response\"><p role=\"status\" aria-live=\"polite\" aria-atomic=\"true\"><\/p> <ul><\/ul><\/div>\n<form action=\"\/ca\/wp-json\/wp\/v2\/pages\/252#wpcf7-f751-o1\" method=\"post\" class=\"wpcf7-form init\" aria-label=\"Formulario de contacto\" novalidate=\"novalidate\" data-status=\"init\">\n<fieldset class=\"hidden-fields-container\"><input type=\"hidden\" name=\"_wpcf7\" value=\"751\" \/><input type=\"hidden\" name=\"_wpcf7_version\" value=\"6.1.1\" \/><input type=\"hidden\" name=\"_wpcf7_locale\" value=\"es_ES\" \/><input type=\"hidden\" name=\"_wpcf7_unit_tag\" value=\"wpcf7-f751-o1\" \/><input type=\"hidden\" name=\"_wpcf7_container_post\" value=\"0\" \/><input type=\"hidden\" name=\"_wpcf7_posted_data_hash\" value=\"\" \/><input type=\"hidden\" name=\"_wpcf7_recaptcha_response\" value=\"\" \/>\n<\/fieldset>\n<p><span class=\"wpcf7-form-control-wrap\" data-name=\"your-name\"><input size=\"40\" maxlength=\"400\" class=\"wpcf7-form-control wpcf7-text wpcf7-validates-as-required\" aria-required=\"true\" aria-invalid=\"false\" placeholder=\"NOM*\" value=\"\" type=\"text\" name=\"your-name\" \/><\/span><br \/>\n<span class=\"wpcf7-form-control-wrap\" data-name=\"your-company\"><input size=\"40\" maxlength=\"400\" class=\"wpcf7-form-control wpcf7-text wpcf7-validates-as-required\" aria-required=\"true\" aria-invalid=\"false\" placeholder=\"EMPRESA*\" value=\"\" type=\"text\" name=\"your-company\" \/><\/span><br \/>\n<span class=\"wpcf7-form-control-wrap\" data-name=\"your-city\"><input size=\"40\" maxlength=\"400\" class=\"wpcf7-form-control wpcf7-text wpcf7-validates-as-required\" aria-required=\"true\" aria-invalid=\"false\" placeholder=\"POBLACI\u00d3*\" value=\"\" type=\"text\" name=\"your-city\" \/><\/span><br \/>\n<span class=\"wpcf7-form-control-wrap\" data-name=\"your-phone\"><input size=\"40\" maxlength=\"400\" class=\"wpcf7-form-control wpcf7-text wpcf7-validates-as-required\" aria-required=\"true\" aria-invalid=\"false\" placeholder=\"TEL\u00c8FON*\" value=\"\" type=\"text\" name=\"your-phone\" \/><\/span><br \/>\n<span class=\"wpcf7-form-control-wrap\" data-name=\"your-email\"><input size=\"40\" maxlength=\"400\" class=\"wpcf7-form-control wpcf7-email wpcf7-validates-as-required wpcf7-text wpcf7-validates-as-email\" aria-required=\"true\" aria-invalid=\"false\" placeholder=\"EMAIL*\" value=\"\" type=\"email\" name=\"your-email\" \/><\/span><br \/>\n<span class=\"new-label\">SERVEIS<\/span><span class=\"wpcf7-form-control-wrap\" data-name=\"menu-200\"><select class=\"wpcf7-form-control wpcf7-select\" aria-invalid=\"false\" multiple=\"multiple\" name=\"menu-200[]\"><option value=\"Recollida d&#039;oli vegetal usat\">Recollida d&#039;oli vegetal usat<\/option><option value=\"Neteja de campanes i sistemes d&#039;extracci\u00f3 de fums\">Neteja de campanes i sistemes d&#039;extracci\u00f3 de fums<\/option><option value=\"Neteja de filtres de campana\">Neteja de filtres de campana<\/option><option value=\"Buidat i neteja de separadors de greix\">Buidat i neteja de separadors de greix<\/option><option value=\"Productes de neteja\">Productes de neteja<\/option><\/select><\/span><br \/>\n<span class=\"wpcf7-form-control-wrap\" data-name=\"your-message\"><textarea cols=\"40\" rows=\"10\" maxlength=\"2000\" class=\"wpcf7-form-control wpcf7-textarea\" aria-invalid=\"false\" placeholder=\"MISSATGE\" name=\"your-message\"><\/textarea><\/span><br \/>\n<span style=\"color:#FFF\">Anti-spam*: <\/span><span class=\"wpcf7-form-control-wrap\" data-name=\"quiz-105\"><label><span class=\"wpcf7-quiz-label\">3 x 3<\/span> <input size=\"40\" class=\"wpcf7-form-control wpcf7-quiz quizzz\" autocomplete=\"off\" aria-required=\"true\" aria-invalid=\"false\" type=\"text\" name=\"quiz-105\" \/><\/label><input type=\"hidden\" name=\"_wpcf7_quiz_answer_quiz-105\" value=\"d5252047d35cd3cb7920beb28be4ad7c\" \/><\/span><br \/>\n<input class=\"wpcf7-form-control wpcf7-submit has-spinner\" type=\"submit\" value=\"Enviar\" \/>\n<\/p><div class=\"wpcf7-response-output\" aria-hidden=\"true\"><\/div>\n<\/form>\n<\/div>\n<\/div>\n","protected":false},"excerpt":{"rendered":"","protected":false},"author":2,"featured_media":687,"parent":0,"menu_order":0,"comment_status":"closed","ping_status":"closed","template":"contacto.php","meta":{"_acf_changed":false,"footnotes":""},"class_list":["post-252","page","type-page","status-publish","has-post-thumbnail","hentry"],"acf":[],"yoast_head":"<!-- This site is optimized with the Yoast SEO plugin v26.0 - https:\/\/yoast.com\/wordpress\/plugins\/seo\/ -->\n<title>Eliminaci\u00f3 d&#039;oli de cuina - Harmon\u00edaEnergy<\/title>\n<meta name=\"description\" content=\"Reduir la petjada de carboni. Crea sostenible, ambientalment amist\u00f3s, energia renovable i assequible, per deixar-nos dirigir la vostra eliminaci\u00f3 d&#039;oli.\" \/>\n<meta name=\"robots\" content=\"index, follow, max-snippet:-1, max-image-preview:large, max-video-preview:-1\" \/>\n<link rel=\"canonical\" href=\"https:\/\/harmoniaenergy.com\/ca\/contacte\/\" \/>\n<meta property=\"og:locale\" content=\"ca_ES\" \/>\n<meta property=\"og:type\" content=\"article\" \/>\n<meta property=\"og:title\" content=\"Eliminaci\u00f3 d&#039;oli de cuina - Harmon\u00edaEnergy\" \/>\n<meta property=\"og:description\" content=\"Reduir la petjada de carboni. Crea sostenible, ambientalment amist\u00f3s, energia renovable i assequible, per deixar-nos dirigir la vostra eliminaci\u00f3 d&#039;oli.\" \/>\n<meta property=\"og:url\" content=\"https:\/\/harmoniaenergy.com\/ca\/contacte\/\" \/>\n<meta property=\"og:site_name\" content=\"Harmonia\" \/>\n<meta property=\"article:publisher\" content=\"https:\/\/www.facebook.com\/Harmonia-The-Oil-Recycling-Company-1458436817812572\/timeline\/\" \/>\n<meta property=\"article:modified_time\" content=\"2020-10-14T07:01:25+00:00\" \/>\n<meta property=\"og:image\" content=\"https:\/\/harmoniaenergy.com\/wp-content\/uploads\/2015\/07\/Contacto-1024x683.jpg\" \/>\n\t<meta property=\"og:image:width\" content=\"1024\" \/>\n\t<meta property=\"og:image:height\" content=\"683\" \/>\n\t<meta property=\"og:image:type\" content=\"image\/jpeg\" \/>\n<meta name=\"twitter:card\" content=\"summary_large_image\" \/>\n<meta name=\"twitter:site\" content=\"@HarmoniaEnergy\" \/>\n<script type=\"application\/ld+json\" class=\"yoast-schema-graph\">{\"@context\":\"https:\/\/schema.org\",\"@graph\":[{\"@type\":\"WebPage\",\"@id\":\"https:\/\/harmoniaenergy.com\/ca\/contacte\/\",\"url\":\"https:\/\/harmoniaenergy.com\/ca\/contacte\/\",\"name\":\"Eliminaci\u00f3 d'oli de cuina - Harmon\u00edaEnergy\",\"isPartOf\":{\"@id\":\"https:\/\/harmoniaenergy.com\/ca\/#website\"},\"primaryImageOfPage\":{\"@id\":\"https:\/\/harmoniaenergy.com\/ca\/contacte\/#primaryimage\"},\"image\":{\"@id\":\"https:\/\/harmoniaenergy.com\/ca\/contacte\/#primaryimage\"},\"thumbnailUrl\":\"https:\/\/harmoniaenergy.com\/wp-content\/uploads\/2015\/07\/Contacto.jpg\",\"datePublished\":\"2015-07-07T11:20:58+00:00\",\"dateModified\":\"2020-10-14T07:01:25+00:00\",\"description\":\"Reduir la petjada de carboni. Crea sostenible, ambientalment amist\u00f3s, energia renovable i assequible, per deixar-nos dirigir la vostra eliminaci\u00f3 d'oli.\",\"breadcrumb\":{\"@id\":\"https:\/\/harmoniaenergy.com\/ca\/contacte\/#breadcrumb\"},\"inLanguage\":\"ca\",\"potentialAction\":[{\"@type\":\"ReadAction\",\"target\":[\"https:\/\/harmoniaenergy.com\/ca\/contacte\/\"]}]},{\"@type\":\"ImageObject\",\"inLanguage\":\"ca\",\"@id\":\"https:\/\/harmoniaenergy.com\/ca\/contacte\/#primaryimage\",\"url\":\"https:\/\/harmoniaenergy.com\/wp-content\/uploads\/2015\/07\/Contacto.jpg\",\"contentUrl\":\"https:\/\/harmoniaenergy.com\/wp-content\/uploads\/2015\/07\/Contacto.jpg\",\"width\":1920,\"height\":1280},{\"@type\":\"BreadcrumbList\",\"@id\":\"https:\/\/harmoniaenergy.com\/ca\/contacte\/#breadcrumb\",\"itemListElement\":[{\"@type\":\"ListItem\",\"position\":1,\"name\":\"Home\",\"item\":\"https:\/\/harmoniaenergy.com\/ca\/\"},{\"@type\":\"ListItem\",\"position\":2,\"name\":\"Contacte\"}]},{\"@type\":\"WebSite\",\"@id\":\"https:\/\/harmoniaenergy.com\/ca\/#website\",\"url\":\"https:\/\/harmoniaenergy.com\/ca\/\",\"name\":\"Harmonia\",\"description\":\"The oil recycling company\",\"publisher\":{\"@id\":\"https:\/\/harmoniaenergy.com\/ca\/#organization\"},\"potentialAction\":[{\"@type\":\"SearchAction\",\"target\":{\"@type\":\"EntryPoint\",\"urlTemplate\":\"https:\/\/harmoniaenergy.com\/ca\/?s={search_term_string}\"},\"query-input\":{\"@type\":\"PropertyValueSpecification\",\"valueRequired\":true,\"valueName\":\"search_term_string\"}}],\"inLanguage\":\"ca\"},{\"@type\":\"Organization\",\"@id\":\"https:\/\/harmoniaenergy.com\/ca\/#organization\",\"name\":\"HarmoniaEnergy\",\"url\":\"https:\/\/harmoniaenergy.com\/ca\/\",\"logo\":{\"@type\":\"ImageObject\",\"inLanguage\":\"ca\",\"@id\":\"https:\/\/harmoniaenergy.com\/ca\/#\/schema\/logo\/image\/\",\"url\":\"https:\/\/harmoniaenergy.com\/wp-content\/uploads\/2015\/07\/logo.png\",\"contentUrl\":\"https:\/\/harmoniaenergy.com\/wp-content\/uploads\/2015\/07\/logo.png\",\"width\":816,\"height\":141,\"caption\":\"HarmoniaEnergy\"},\"image\":{\"@id\":\"https:\/\/harmoniaenergy.com\/ca\/#\/schema\/logo\/image\/\"},\"sameAs\":[\"https:\/\/www.facebook.com\/Harmonia-The-Oil-Recycling-Company-1458436817812572\/timeline\/\",\"https:\/\/x.com\/HarmoniaEnergy\",\"https:\/\/es.pinterest.com\/harmoniaenergy\/\",\"https:\/\/www.youtube.com\/channel\/UChVGCqeWmxgC17mESGBIQ7w\"]}]}<\/script>\n<!-- \/ Yoast SEO plugin. -->","yoast_head_json":{"title":"Eliminaci\u00f3 d'oli de cuina - Harmon\u00edaEnergy","description":"Reduir la petjada de carboni. Crea sostenible, ambientalment amist\u00f3s, energia renovable i assequible, per deixar-nos dirigir la vostra eliminaci\u00f3 d'oli.","robots":{"index":"index","follow":"follow","max-snippet":"max-snippet:-1","max-image-preview":"max-image-preview:large","max-video-preview":"max-video-preview:-1"},"canonical":"https:\/\/harmoniaenergy.com\/ca\/contacte\/","og_locale":"ca_ES","og_type":"article","og_title":"Eliminaci\u00f3 d'oli de cuina - Harmon\u00edaEnergy","og_description":"Reduir la petjada de carboni. Crea sostenible, ambientalment amist\u00f3s, energia renovable i assequible, per deixar-nos dirigir la vostra eliminaci\u00f3 d'oli.","og_url":"https:\/\/harmoniaenergy.com\/ca\/contacte\/","og_site_name":"Harmonia","article_publisher":"https:\/\/www.facebook.com\/Harmonia-The-Oil-Recycling-Company-1458436817812572\/timeline\/","article_modified_time":"2020-10-14T07:01:25+00:00","og_image":[{"width":1024,"height":683,"url":"https:\/\/harmoniaenergy.com\/wp-content\/uploads\/2015\/07\/Contacto-1024x683.jpg","type":"image\/jpeg"}],"twitter_card":"summary_large_image","twitter_site":"@HarmoniaEnergy","schema":{"@context":"https:\/\/schema.org","@graph":[{"@type":"WebPage","@id":"https:\/\/harmoniaenergy.com\/ca\/contacte\/","url":"https:\/\/harmoniaenergy.com\/ca\/contacte\/","name":"Eliminaci\u00f3 d'oli de cuina - Harmon\u00edaEnergy","isPartOf":{"@id":"https:\/\/harmoniaenergy.com\/ca\/#website"},"primaryImageOfPage":{"@id":"https:\/\/harmoniaenergy.com\/ca\/contacte\/#primaryimage"},"image":{"@id":"https:\/\/harmoniaenergy.com\/ca\/contacte\/#primaryimage"},"thumbnailUrl":"https:\/\/harmoniaenergy.com\/wp-content\/uploads\/2015\/07\/Contacto.jpg","datePublished":"2015-07-07T11:20:58+00:00","dateModified":"2020-10-14T07:01:25+00:00","description":"Reduir la petjada de carboni. Crea sostenible, ambientalment amist\u00f3s, energia renovable i assequible, per deixar-nos dirigir la vostra eliminaci\u00f3 d'oli.","breadcrumb":{"@id":"https:\/\/harmoniaenergy.com\/ca\/contacte\/#breadcrumb"},"inLanguage":"ca","potentialAction":[{"@type":"ReadAction","target":["https:\/\/harmoniaenergy.com\/ca\/contacte\/"]}]},{"@type":"ImageObject","inLanguage":"ca","@id":"https:\/\/harmoniaenergy.com\/ca\/contacte\/#primaryimage","url":"https:\/\/harmoniaenergy.com\/wp-content\/uploads\/2015\/07\/Contacto.jpg","contentUrl":"https:\/\/harmoniaenergy.com\/wp-content\/uploads\/2015\/07\/Contacto.jpg","width":1920,"height":1280},{"@type":"BreadcrumbList","@id":"https:\/\/harmoniaenergy.com\/ca\/contacte\/#breadcrumb","itemListElement":[{"@type":"ListItem","position":1,"name":"Home","item":"https:\/\/harmoniaenergy.com\/ca\/"},{"@type":"ListItem","position":2,"name":"Contacte"}]},{"@type":"WebSite","@id":"https:\/\/harmoniaenergy.com\/ca\/#website","url":"https:\/\/harmoniaenergy.com\/ca\/","name":"Harmonia","description":"The oil recycling company","publisher":{"@id":"https:\/\/harmoniaenergy.com\/ca\/#organization"},"potentialAction":[{"@type":"SearchAction","target":{"@type":"EntryPoint","urlTemplate":"https:\/\/harmoniaenergy.com\/ca\/?s={search_term_string}"},"query-input":{"@type":"PropertyValueSpecification","valueRequired":true,"valueName":"search_term_string"}}],"inLanguage":"ca"},{"@type":"Organization","@id":"https:\/\/harmoniaenergy.com\/ca\/#organization","name":"HarmoniaEnergy","url":"https:\/\/harmoniaenergy.com\/ca\/","logo":{"@type":"ImageObject","inLanguage":"ca","@id":"https:\/\/harmoniaenergy.com\/ca\/#\/schema\/logo\/image\/","url":"https:\/\/harmoniaenergy.com\/wp-content\/uploads\/2015\/07\/logo.png","contentUrl":"https:\/\/harmoniaenergy.com\/wp-content\/uploads\/2015\/07\/logo.png","width":816,"height":141,"caption":"HarmoniaEnergy"},"image":{"@id":"https:\/\/harmoniaenergy.com\/ca\/#\/schema\/logo\/image\/"},"sameAs":["https:\/\/www.facebook.com\/Harmonia-The-Oil-Recycling-Company-1458436817812572\/timeline\/","https:\/\/x.com\/HarmoniaEnergy","https:\/\/es.pinterest.com\/harmoniaenergy\/","https:\/\/www.youtube.com\/channel\/UChVGCqeWmxgC17mESGBIQ7w"]}]}},"_links":{"self":[{"href":"https:\/\/harmoniaenergy.com\/ca\/wp-json\/wp\/v2\/pages\/252","targetHints":{"allow":["GET"]}}],"collection":[{"href":"https:\/\/harmoniaenergy.com\/ca\/wp-json\/wp\/v2\/pages"}],"about":[{"href":"https:\/\/harmoniaenergy.com\/ca\/wp-json\/wp\/v2\/types\/page"}],"author":[{"embeddable":true,"href":"https:\/\/harmoniaenergy.com\/ca\/wp-json\/wp\/v2\/users\/2"}],"replies":[{"embeddable":true,"href":"https:\/\/harmoniaenergy.com\/ca\/wp-json\/wp\/v2\/comments?post=252"}],"version-history":[{"count":4,"href":"https:\/\/harmoniaenergy.com\/ca\/wp-json\/wp\/v2\/pages\/252\/revisions"}],"predecessor-version":[{"id":752,"href":"https:\/\/harmoniaenergy.com\/ca\/wp-json\/wp\/v2\/pages\/252\/revisions\/752"}],"wp:featuredmedia":[{"embeddable":true,"href":"https:\/\/harmoniaenergy.com\/ca\/wp-json\/wp\/v2\/media\/687"}],"wp:attachment":[{"href":"https:\/\/harmoniaenergy.com\/ca\/wp-json\/wp\/v2\/media?parent=252"}],"curies":[{"name":"wp","href":"https:\/\/api.w.org\/{rel}","templated":true}]}}