{"id":127,"date":"2015-07-10T08:08:14","date_gmt":"2015-07-10T08:08:14","guid":{"rendered":"http:\/\/frescota.com\/clientes\/harmonia\/?page_id=127"},"modified":"2015-10-16T09:23:09","modified_gmt":"2015-10-16T09:23:09","slug":"avis-legal","status":"publish","type":"page","link":"https:\/\/harmoniaenergy.com\/ca\/avis-legal\/","title":{"rendered":"Av\u00eds legal"},"content":{"rendered":"<p>Mediante este aviso legal, Harmonia Renewable Energy SL (\u201cHarmonia\u201d) informa a todos los usuarios de este sitio web (www.harmoniaenergy.com) (en adelante, los &#8220;Usuarios&#8221;) accesible a trav\u00e9s de las direcciones URL www.harmoniaenergy.es \/ .com, de las condiciones generales de acceso y uso de este sitio web.<\/p>\n<p>Este sitio web es titularidad de Harmonia Renewable Energy SL, con domicilio social en la calle Valencia, 214 Bajos, Buz\u00f3n N\u00ba 117, 08011 Barcelona, CIF B65790107, e inscrita en el Registro Mercantil de Barcelona en el Tomo ________, Folio ______, Secci\u00f3n _______, Hoja ____________. <\/p>\n<p>Harmonia se reserva el derecho de modificar, en cualquier momento y sin necesidad de previo aviso, la presentaci\u00f3n y configuraci\u00f3n de este sitio web as\u00ed como las presentes condiciones generales. En consecuencia, rogamos al Usuario que lea con atenci\u00f3n las condiciones generales cada vez que se proponga utilizar este sitio web.<\/p>\n<h4>Condiciones generales de acceso y uso de este sitio web:<\/h4>\n<ol>\n<li>La informaci\u00f3n contenida en este sitio web ha sido elaborada \u00fanicamente para proporcionar informaci\u00f3n general sobre Harmonia Renewable Energy SL.<\/li>\n<li>La informaci\u00f3n contenida en este sitio web no constituye un asesoramiento ni una oferta para vender o negociar con ning\u00fan tipo de valores, y no debe ser tomada como base para ninguna decisi\u00f3n de inversi\u00f3n.<\/li>\n<li>Salvo que se indique otra cosa, este sitio web est\u00e1 dirigida \u00fanicamente a quienes accedan a ella desde Espa\u00f1a. Harmonia no garantiza que los productos y servicios a los que se hace referencia en este sitio web est\u00e9n disponibles o sean adecuados para su uso en otros lugares. Quienes deseen acceder a este sitio web desde otros lugares son responsables del cumplimiento de la normativa local, siempre y en la medida que \u00e9sta sea aplicable.<\/li>\n<li>Harmonia ha prestado especial atenci\u00f3n a la elaboraci\u00f3n del contenido de este sitio web. La informaci\u00f3n que se ofrece es considerada fiable, pero est\u00e1 sujeta a cambios en cualquier momento y sin previo aviso. En la medida en que la ley lo permita, Harmonia se exime de toda garant\u00eda expresa o impl\u00edcita y no asume ning\u00fan tipo de responsabilidad en relaci\u00f3n con:\n<ol>\n<li>las condiciones de calidad, disponibilidad y continuidad en el funcionamiento de este sitio web y\/o de los productos y servicios que en ella se mencionan<\/li>\n<li>la inadecuaci\u00f3n para cualquier clase de prop\u00f3sito y la defraudaci\u00f3n de las expectativas o utilidad que los usuarios hubieran podido atribuir a este sitio web y\/o a los productos y servicios que en ella se mencionan, y<\/li>\n<li>el incumplimiento, retraso en el cumplimiento, cumplimiento defectuoso o terminaci\u00f3n por cualquier causa de las obligaciones contra\u00eddas por terceros y contratos realizados con terceros a trav\u00e9s de o con motivo del acceso o uso de este sitio web y\/o de los productos y servicios que en ella se mencionan.<\/li>\n<\/ol>\n<\/li>\n<li>Harmonia no se responsabiliza de ning\u00fan da\u00f1o o perjuicio de cualquier naturaleza que pueda derivarse del uso de la informaci\u00f3n contenida en este sitio web.<\/li>\n<li>Harmonia no garantiza que la informaci\u00f3n contenida en este sitio web sea exacta, ni que haya sido verificada, ni que sea completa ni actualizada, y no acepta ninguna responsabilidad sobre la completa fiabilidad, utilidad, veracidad, licitud, exactitud, exhaustividad, y\/o pertinencia de los datos o informaciones recogidos en los contenidos de este sitio web, ni tampoco se responsabiliza por la defraudaci\u00f3n de la confianza que cualquier persona deposite en dicha informaci\u00f3n.<\/li>\n<li>Algunos enlaces contenidos en este sitio web dirigir\u00e1n al Usuario hacia otras p\u00e1ginas web que no est\u00e1n bajo el control de Harmonia. Cuando el Usuario pinche sobre alguno de esos enlaces abandonar\u00e1 este sitio web. Harmonia no tiene control ni aceptar\u00e1 responsabilidad alguna sobre los contenidos de esas otras p\u00e1ginas web.<\/li>\n<li>Si alguna de las disposiciones de estas condiciones generales de uso de este sitio web fuese ilegal, nula, o, por cualquier motivo, no aplicable, dicha disposici\u00f3n ser\u00e1 considerada independiente del resto, y no afectar\u00e1 a la validez y a la obligatoriedad de las dem\u00e1s disposiciones.<\/li>\n<li>Los derechos de propiedad intelectual sobre el contenido de este sitio web pertenecen a Harmonia o a terceros que le hayan otorgado una licencia. Sin embargo, se autoriza a cualquier persona a obtener una copia privada del contenido de este sitio web bajo las siguientes condiciones:\n<ol>\n<li>el material copiado ha de usarse con fines no comerciales,<\/li>\n<li>las copias han de reproducir y respetar todos los avisos referentes a derechos de propiedad intelectual contenidos en el material original,<\/li>\n<li>los productos, tecnolog\u00edas, o procesos descritos en este sitio web pueden estar sujetos a otros derechos de propiedad intelectual de Harmonia o de alg\u00fan tercero. No se otorga ninguna licencia respecto de esos otros derechos de propiedad intelectual, y<\/li>\n<li>las im\u00e1genes reproducidas en este sitio web est\u00e1n protegidas por el derecho de autor, y no pueden ser reproducidas o apropiadas de ninguna manera sin una autorizaci\u00f3n por escrito del titular, o los titulares, de los derechos.<\/li>\n<\/ol>\n<\/li>\n<li>Harmonia no controla ni garantiza la ausencia de virus ni de otros elementos en los contenidos que puedan producir alteraciones en el sistema inform\u00e1tico (software o hardware) del Usuario o en sus documentos electr\u00f3nicos y ficheros.<\/li>\n<li>Aquellas personas que se propongan establecer un hiperenlace entre su p\u00e1gina web y este sitio web deber\u00e1n cumplir las condiciones siguientes:\n<ol>\n<li>el hiperenlace \u00fanicamente permitir\u00e1 el acceso a las p\u00e1ginas web de este sitio web, pero no podr\u00e1 reproducirlas de ninguna forma;<\/li>\n<li>el hiperenlace se har\u00e1 \u00fanicamente con la home-page (p\u00e1gina de inicio) de este sitio web;<\/li>\n<li>no se crear\u00e1 un navegador ni un marco de navegaci\u00f3n sobre las p\u00e1ginas web de este sitio web;<\/li>\n<li>no se realizar\u00e1n manifestaciones o indicaciones falsas, inexactas o incorrectas sobre las p\u00e1ginas web de este sitio web, y, en particular, no se declarar\u00e1 ni dar\u00e1 a entender que Harmonia ha autorizado el hiperenlace o que ha supervisado o asumido de cualquier forma los contenidos o servicios ofrecidos o puestos a disposici\u00f3n de la p\u00e1gina web en la que se establece el hiperenlace;<\/li>\n<li>excepci\u00f3n hecha de aquellos signos que formen parte del mismo hiperenlace, la p\u00e1gina web en la que se establezca el hiperenlace no contendr\u00e1 ninguna marca, nombre comercial, r\u00f3tulo de establecimiento, denominaci\u00f3n, logotipo, eslogan u otros signos distintivos pertenecientes a Harmonia;<\/li>\n<li>la p\u00e1gina web en la que se establezca el hiperenlace no contendr\u00e1 informaciones o contenidos il\u00edcitos, contrarios a la moral y buenas costumbres generalmente aceptadas y al orden p\u00fablico, as\u00ed como tampoco contendr\u00e1 contenidos contrarios a cualesquiera derechos de terceros.<\/li>\n<\/ol>\n<\/li>\n<li>El establecimiento del hiperenlace no implica en ning\u00fan caso la existencia de relaciones entre Harmonia y el propietario de la p\u00e1gina web en la que se establezca, ni la aceptaci\u00f3n y aprobaci\u00f3n por parte de Harmonia de sus contenidos o servicios.<\/li>\n<li>Harmonia tendr\u00e1 el derecho a resolver el contrato o impedir el acceso a este sitio web:\n<ol>\n<li>si el Usuario contraviene estos t\u00e9rminos y condiciones;<\/li>\n<li>para poner fin a una infracci\u00f3n o impedirla si as\u00ed se lo requiere una autoridad judicial o administrativa habilitada legalmente para ello;<\/li>\n<li>para el adecuado mantenimiento, reparaci\u00f3n, actualizaci\u00f3n o mejora de este sitio web.<\/li>\n<\/ol>\n<\/li>\n<li>Para el acceso o utilizaci\u00f3n de determinados servicios, Harmonia podr\u00e1 requerir del Usuario ciertos datos personales.<\/li>\n<\/ol>\n<p>La cumplimentaci\u00f3n de datos personales es necesaria para registrarse en el sitio web y obtener un acceso completo a sus contenidos y servicios. El Usuario es el \u00fanico responsable de la veracidad y correcci\u00f3n de los datos personales que suministre, quedando Harmonia exonerada de cualquier responsabilidad al respecto.<\/p>\n<p>Harmonia trata todos los datos de car\u00e1cter personal de conformidad con la Ley Org\u00e1nica 15\/1999, de 13 de diciembre de Protecci\u00f3n de Datos y con las medidas de seguridad exigidas por el Real Decreto 1720\/2007, de 21 de diciembre, por el que se aprueba el Reglamento de desarrollo de la Ley Org\u00e1nica 15\/1999, de 13 de diciembre, de protecci\u00f3n de datos de car\u00e1cter personal.<\/p>\n<p>Los datos de car\u00e1cter personal que el Usuario nos facilita a trav\u00e9s de nuestra p\u00e1gina quedar\u00e1n registrados y se incorporar\u00e1n a un fichero automatizado inscrito en el Registro General de Protecci\u00f3n de Datos con el n\u00famero de registro 370527\/2015, del que es responsable Harmonia Renewable Energy SL.<\/p>\n<p>Mediante el suministro de sus datos, el Usuario autoriza el tratamiento automatizado de los mismos por parte de Harmonia con la finalidad de contestar a las consultas y gestionar los servicios solicitados por los clientes, ofrecerles informaci\u00f3n de inter\u00e9s, as\u00ed como la realizaci\u00f3n de comunicaciones comerciales a los mismos.<\/p>\n<p>El Usuario podr\u00e1 revocar el consentimiento prestado, sin que tenga efectos retroactivos, as\u00ed como ejercer su derecho de acceso, rectificaci\u00f3n, cancelaci\u00f3n y oposici\u00f3n solicit\u00e1ndolo por cualquier medio que deje constancia de su env\u00edo y de su recepci\u00f3n ante Harmonia Renewable Energy SL, calle Valencia, 214 Bajos, Buz\u00f3n N\u00ba 117, 08011 Barcelona;  o bien contactando con esta sociedad a trav\u00e9s de la siguiente direcci\u00f3n de correo electr\u00f3nico: <a href=\"mailto:info@harmoniaenergy.com\">info@harmoniaenergy.com<\/a>.<\/p>\n<p>De acuerdo con la Ley Org\u00e1nica 15\/1999, de 13 de diciembre, de Protecci\u00f3n de Datos de Car\u00e1cter Personal, Harmonia se compromete al cumplimiento de su obligaci\u00f3n de secreto con respecto a los datos de car\u00e1cter personal y al deber de tratarlos con confidencialidad. A estos efectos, adoptar\u00e1 las medidas necesarias para evitar su alteraci\u00f3n, p\u00e9rdida, tratamiento o acceso no autorizado.<\/p>\n<p>Harmonia se reserva la facultad de modificar la presente Pol\u00edtica de Privacidad para adaptarla a las novedades legislativas, jurisprudenciales o de interpretaci\u00f3n de la Agencia Espa\u00f1ola de Protecci\u00f3n de Datos. En este caso, Harmonia anunciar\u00e1 dichos cambios, indicando claramente y con la debida antelaci\u00f3n las modificaciones efectuadas, y solicitando, en caso de que sea necesario, su aceptaci\u00f3n de dichos cambios.<\/p>\n<p>Estas condiciones generales se rigen por la Ley espa\u00f1ola. Harmonia Renewable Energy SL y el Usuario se someten, con renuncia expresa a cualquier otro fuero, a los juzgados y tribunales de la ciudad de Barcelona para cualquier controversia que pudiera derivarse de la prestaci\u00f3n de los Servicios sometidos a las presentes condiciones generales.<\/p>\n","protected":false},"excerpt":{"rendered":"<p>Mediante este aviso legal, Harmonia Renewable Energy SL (\u201cHarmonia\u201d) informa a todos los usuarios de este sitio web (www.harmoniaenergy.com) (en adelante, los &#8220;Usuarios&#8221;) accesible a trav\u00e9s de las direcciones URL www.harmoniaenergy.es \/ .com, de las condiciones generales de acceso y uso de este sitio web. Este sitio web es titularidad de Harmonia Renewable Energy SL, [&hellip;]<\/p>\n","protected":false},"author":2,"featured_media":0,"parent":0,"menu_order":0,"comment_status":"closed","ping_status":"closed","template":"","meta":{"_acf_changed":false,"footnotes":""},"class_list":["post-127","page","type-page","status-publish","hentry"],"acf":[],"yoast_head":"<!-- This site is optimized with the Yoast SEO plugin v26.0 - https:\/\/yoast.com\/wordpress\/plugins\/seo\/ -->\n<title>Av\u00eds legal - Harmonia<\/title>\n<meta name=\"robots\" content=\"noindex, follow\" \/>\n<meta property=\"og:locale\" content=\"ca_ES\" \/>\n<meta property=\"og:type\" content=\"article\" \/>\n<meta property=\"og:title\" content=\"Av\u00eds legal - Harmonia\" \/>\n<meta property=\"og:description\" content=\"Mediante este aviso legal, Harmonia Renewable Energy SL (\u201cHarmonia\u201d) informa a todos los usuarios de este sitio web (www.harmoniaenergy.com) (en adelante, los &#8220;Usuarios&#8221;) accesible a trav\u00e9s de las direcciones URL www.harmoniaenergy.es \/ .com, de las condiciones generales de acceso y uso de este sitio web. Este sitio web es titularidad de Harmonia Renewable Energy SL, [&hellip;]\" \/>\n<meta property=\"og:url\" content=\"https:\/\/harmoniaenergy.com\/ca\/avis-legal\/\" \/>\n<meta property=\"og:site_name\" content=\"Harmonia\" \/>\n<meta property=\"article:publisher\" content=\"https:\/\/www.facebook.com\/Harmonia-The-Oil-Recycling-Company-1458436817812572\/timeline\/\" \/>\n<meta property=\"article:modified_time\" content=\"2015-10-16T09:23:09+00:00\" \/>\n<meta property=\"og:image\" content=\"https:\/\/harmoniaenergy.com\/wp-content\/uploads\/2015\/07\/logo.png\" \/>\n<meta name=\"twitter:card\" content=\"summary_large_image\" \/>\n<meta name=\"twitter:site\" content=\"@HarmoniaEnergy\" \/>\n<meta name=\"twitter:label1\" content=\"Temps estimat de lectura\" \/>\n\t<meta name=\"twitter:data1\" content=\"9 minuts\" \/>\n<script type=\"application\/ld+json\" class=\"yoast-schema-graph\">{\"@context\":\"https:\/\/schema.org\",\"@graph\":[{\"@type\":\"WebPage\",\"@id\":\"https:\/\/harmoniaenergy.com\/ca\/avis-legal\/\",\"url\":\"https:\/\/harmoniaenergy.com\/ca\/avis-legal\/\",\"name\":\"Av\u00eds legal - Harmonia\",\"isPartOf\":{\"@id\":\"https:\/\/harmoniaenergy.com\/ca\/#website\"},\"datePublished\":\"2015-07-10T08:08:14+00:00\",\"dateModified\":\"2015-10-16T09:23:09+00:00\",\"breadcrumb\":{\"@id\":\"https:\/\/harmoniaenergy.com\/ca\/avis-legal\/#breadcrumb\"},\"inLanguage\":\"ca\",\"potentialAction\":[{\"@type\":\"ReadAction\",\"target\":[\"https:\/\/harmoniaenergy.com\/ca\/avis-legal\/\"]}]},{\"@type\":\"BreadcrumbList\",\"@id\":\"https:\/\/harmoniaenergy.com\/ca\/avis-legal\/#breadcrumb\",\"itemListElement\":[{\"@type\":\"ListItem\",\"position\":1,\"name\":\"Home\",\"item\":\"https:\/\/harmoniaenergy.com\/ca\/\"},{\"@type\":\"ListItem\",\"position\":2,\"name\":\"Av\u00eds legal\"}]},{\"@type\":\"WebSite\",\"@id\":\"https:\/\/harmoniaenergy.com\/ca\/#website\",\"url\":\"https:\/\/harmoniaenergy.com\/ca\/\",\"name\":\"Harmonia\",\"description\":\"The oil recycling company\",\"publisher\":{\"@id\":\"https:\/\/harmoniaenergy.com\/ca\/#organization\"},\"potentialAction\":[{\"@type\":\"SearchAction\",\"target\":{\"@type\":\"EntryPoint\",\"urlTemplate\":\"https:\/\/harmoniaenergy.com\/ca\/?s={search_term_string}\"},\"query-input\":{\"@type\":\"PropertyValueSpecification\",\"valueRequired\":true,\"valueName\":\"search_term_string\"}}],\"inLanguage\":\"ca\"},{\"@type\":\"Organization\",\"@id\":\"https:\/\/harmoniaenergy.com\/ca\/#organization\",\"name\":\"HarmoniaEnergy\",\"url\":\"https:\/\/harmoniaenergy.com\/ca\/\",\"logo\":{\"@type\":\"ImageObject\",\"inLanguage\":\"ca\",\"@id\":\"https:\/\/harmoniaenergy.com\/ca\/#\/schema\/logo\/image\/\",\"url\":\"https:\/\/harmoniaenergy.com\/wp-content\/uploads\/2015\/07\/logo.png\",\"contentUrl\":\"https:\/\/harmoniaenergy.com\/wp-content\/uploads\/2015\/07\/logo.png\",\"width\":816,\"height\":141,\"caption\":\"HarmoniaEnergy\"},\"image\":{\"@id\":\"https:\/\/harmoniaenergy.com\/ca\/#\/schema\/logo\/image\/\"},\"sameAs\":[\"https:\/\/www.facebook.com\/Harmonia-The-Oil-Recycling-Company-1458436817812572\/timeline\/\",\"https:\/\/x.com\/HarmoniaEnergy\",\"https:\/\/es.pinterest.com\/harmoniaenergy\/\",\"https:\/\/www.youtube.com\/channel\/UChVGCqeWmxgC17mESGBIQ7w\"]}]}<\/script>\n<!-- \/ Yoast SEO plugin. -->","yoast_head_json":{"title":"Av\u00eds legal - Harmonia","robots":{"index":"noindex","follow":"follow"},"og_locale":"ca_ES","og_type":"article","og_title":"Av\u00eds legal - Harmonia","og_description":"Mediante este aviso legal, Harmonia Renewable Energy SL (\u201cHarmonia\u201d) informa a todos los usuarios de este sitio web (www.harmoniaenergy.com) (en adelante, los &#8220;Usuarios&#8221;) accesible a trav\u00e9s de las direcciones URL www.harmoniaenergy.es \/ .com, de las condiciones generales de acceso y uso de este sitio web. Este sitio web es titularidad de Harmonia Renewable Energy SL, [&hellip;]","og_url":"https:\/\/harmoniaenergy.com\/ca\/avis-legal\/","og_site_name":"Harmonia","article_publisher":"https:\/\/www.facebook.com\/Harmonia-The-Oil-Recycling-Company-1458436817812572\/timeline\/","article_modified_time":"2015-10-16T09:23:09+00:00","og_image":[{"url":"https:\/\/harmoniaenergy.com\/wp-content\/uploads\/2015\/07\/logo.png","type":"","width":"","height":""}],"twitter_card":"summary_large_image","twitter_site":"@HarmoniaEnergy","twitter_misc":{"Temps estimat de lectura":"9 minuts"},"schema":{"@context":"https:\/\/schema.org","@graph":[{"@type":"WebPage","@id":"https:\/\/harmoniaenergy.com\/ca\/avis-legal\/","url":"https:\/\/harmoniaenergy.com\/ca\/avis-legal\/","name":"Av\u00eds legal - Harmonia","isPartOf":{"@id":"https:\/\/harmoniaenergy.com\/ca\/#website"},"datePublished":"2015-07-10T08:08:14+00:00","dateModified":"2015-10-16T09:23:09+00:00","breadcrumb":{"@id":"https:\/\/harmoniaenergy.com\/ca\/avis-legal\/#breadcrumb"},"inLanguage":"ca","potentialAction":[{"@type":"ReadAction","target":["https:\/\/harmoniaenergy.com\/ca\/avis-legal\/"]}]},{"@type":"BreadcrumbList","@id":"https:\/\/harmoniaenergy.com\/ca\/avis-legal\/#breadcrumb","itemListElement":[{"@type":"ListItem","position":1,"name":"Home","item":"https:\/\/harmoniaenergy.com\/ca\/"},{"@type":"ListItem","position":2,"name":"Av\u00eds legal"}]},{"@type":"WebSite","@id":"https:\/\/harmoniaenergy.com\/ca\/#website","url":"https:\/\/harmoniaenergy.com\/ca\/","name":"Harmonia","description":"The oil recycling company","publisher":{"@id":"https:\/\/harmoniaenergy.com\/ca\/#organization"},"potentialAction":[{"@type":"SearchAction","target":{"@type":"EntryPoint","urlTemplate":"https:\/\/harmoniaenergy.com\/ca\/?s={search_term_string}"},"query-input":{"@type":"PropertyValueSpecification","valueRequired":true,"valueName":"search_term_string"}}],"inLanguage":"ca"},{"@type":"Organization","@id":"https:\/\/harmoniaenergy.com\/ca\/#organization","name":"HarmoniaEnergy","url":"https:\/\/harmoniaenergy.com\/ca\/","logo":{"@type":"ImageObject","inLanguage":"ca","@id":"https:\/\/harmoniaenergy.com\/ca\/#\/schema\/logo\/image\/","url":"https:\/\/harmoniaenergy.com\/wp-content\/uploads\/2015\/07\/logo.png","contentUrl":"https:\/\/harmoniaenergy.com\/wp-content\/uploads\/2015\/07\/logo.png","width":816,"height":141,"caption":"HarmoniaEnergy"},"image":{"@id":"https:\/\/harmoniaenergy.com\/ca\/#\/schema\/logo\/image\/"},"sameAs":["https:\/\/www.facebook.com\/Harmonia-The-Oil-Recycling-Company-1458436817812572\/timeline\/","https:\/\/x.com\/HarmoniaEnergy","https:\/\/es.pinterest.com\/harmoniaenergy\/","https:\/\/www.youtube.com\/channel\/UChVGCqeWmxgC17mESGBIQ7w"]}]}},"_links":{"self":[{"href":"https:\/\/harmoniaenergy.com\/ca\/wp-json\/wp\/v2\/pages\/127","targetHints":{"allow":["GET"]}}],"collection":[{"href":"https:\/\/harmoniaenergy.com\/ca\/wp-json\/wp\/v2\/pages"}],"about":[{"href":"https:\/\/harmoniaenergy.com\/ca\/wp-json\/wp\/v2\/types\/page"}],"author":[{"embeddable":true,"href":"https:\/\/harmoniaenergy.com\/ca\/wp-json\/wp\/v2\/users\/2"}],"replies":[{"embeddable":true,"href":"https:\/\/harmoniaenergy.com\/ca\/wp-json\/wp\/v2\/comments?post=127"}],"version-history":[{"count":2,"href":"https:\/\/harmoniaenergy.com\/ca\/wp-json\/wp\/v2\/pages\/127\/revisions"}],"predecessor-version":[{"id":469,"href":"https:\/\/harmoniaenergy.com\/ca\/wp-json\/wp\/v2\/pages\/127\/revisions\/469"}],"wp:attachment":[{"href":"https:\/\/harmoniaenergy.com\/ca\/wp-json\/wp\/v2\/media?parent=127"}],"curies":[{"name":"wp","href":"https:\/\/api.w.org\/{rel}","templated":true}]}}